{"id":244,"date":"2018-07-06T12:29:44","date_gmt":"2018-07-06T12:29:44","guid":{"rendered":"http:\/\/feworkagency.com\/en\/?page_id=244"},"modified":"2022-03-30T11:21:29","modified_gmt":"2022-03-30T09:21:29","slug":"appointments","status":"publish","type":"page","link":"https:\/\/feworkagency.com\/en\/appointments\/","title":{"rendered":"Um\u00f3w rozmow\u0119 telefoniczn\u0105"},"content":{"rendered":"\t\t<div data-elementor-type=\"wp-post\" data-elementor-id=\"244\" class=\"elementor elementor-244\" data-elementor-settings=\"[]\">\n\t\t\t\t\t\t<div class=\"elementor-inner\">\n\t\t\t\t\t\t\t<div class=\"elementor-section-wrap\">\n\t\t\t\t\t\t\t<section class=\"elementor-section elementor-top-section elementor-element elementor-element-7e95f95 elementor-section-boxed elementor-section-height-default elementor-section-height-default\" data-id=\"7e95f95\" data-element_type=\"section\">\n\t\t\t\t\t\t<div class=\"elementor-container elementor-column-gap-default\">\n\t\t\t\t\t\t\t<div class=\"elementor-row\">\n\t\t\t\t\t<div class=\"elementor-column elementor-col-100 elementor-top-column elementor-element elementor-element-a408592 sc_inner_width_none sc_layouts_column_icons_position_left\" data-id=\"a408592\" data-element_type=\"column\">\n\t\t\t<div class=\"elementor-column-wrap elementor-element-populated\">\n\t\t\t\t\t\t\t<div class=\"elementor-widget-wrap\">\n\t\t\t\t\t\t<div class=\"elementor-element elementor-element-0058ffb elementor-widget elementor-widget-trx_sc_booked_calendar\" data-id=\"0058ffb\" data-element_type=\"widget\" data-widget_type=\"trx_sc_booked_calendar.default\">\n\t\t\t\t<div class=\"elementor-widget-container\">\n\t\t\t<div class=\"booked-calendar-shortcode-wrap\"><div class=\"booked-calendar-wrap large\"><table class=\"booked-calendar\" data-calendar-id=\"18\" data-calendar-date=\"2026-04-01\">\n\t\t<thead>\n\n\t\t\t\n\t\t\t<tr>\n\t\t\t\t<th colspan=\"7\">\n\t\t\t\t\t\t\t\t\t\t<span class=\"calendarSavingState\">\n\t\t\t\t\t\t<i class=\"booked-icon booked-icon-spinner-clock booked-icon-spin\"><\/i>\n\t\t\t\t\t<\/span>\n\t\t\t\t\t<span class=\"monthName\">\n\t\t\t\t\t\tApril 2026\t\t\t\t\t\t\t\t\t\t\t<\/span>\n\t\t\t\t\t<a href=\"#\" data-goto=\"2026-05-01\" class=\"page-right\"><i class=\"booked-icon booked-icon-arrow-right\"><\/i><\/a>\t\t\t\t<\/th>\n\t\t\t<\/tr>\n\t\t\t<tr class=\"days\">\n\t\t\t\t\t\t\t\t<th>Mon<\/th>\n\t\t\t\t<th>Tue<\/th>\n\t\t\t\t<th>Wed<\/th>\n\t\t\t\t<th>Thu<\/th>\n\t\t\t\t<th>Fri<\/th>\n\t\t\t\t<th>Sat<\/th>\t\t\t\t<th>Sun<\/th>\t\t\t<\/tr>\n\t\t<\/thead>\n\t\t<tbody><tr class=\"week\"><td data-date=\"2026-03-30\" class=\"prev-month prev-date\"><span class=\"date\"><span class=\"number\">30<\/span><\/span><\/td><td data-date=\"2026-03-31\" class=\"prev-month prev-date\"><span class=\"date\"><span class=\"number\">31<\/span><\/span><\/td><td data-date=\"2026-04-1\" class=\"prev-date\"><span class=\"date\"><span class=\"number\">1<\/span><\/span><\/td><td data-date=\"2026-04-2\" class=\"prev-date\"><span class=\"date\"><span class=\"number\">2<\/span><\/span><\/td><td data-date=\"2026-04-3\" class=\"prev-date\"><span class=\"date\"><span class=\"number\">3<\/span><\/span><\/td><td data-date=\"2026-04-4\" class=\"prev-date\"><span class=\"date\"><span class=\"number\">4<\/span><\/span><\/td><td data-date=\"2026-04-5\" class=\"prev-date\"><span class=\"date\"><span class=\"number\">5<\/span><\/span><\/td><\/tr><tr class=\"week\"><td data-date=\"2026-04-6\" class=\"prev-date\"><span class=\"date\"><span class=\"number\">6<\/span><\/span><\/td><td data-date=\"2026-04-7\" class=\"prev-date\"><span class=\"date\"><span class=\"number\">7<\/span><\/span><\/td><td data-date=\"2026-04-8\" class=\"prev-date\"><span class=\"date\"><span class=\"number\">8<\/span><\/span><\/td><td data-date=\"2026-04-9\" class=\"prev-date\"><span class=\"date\"><span class=\"number\">9<\/span><\/span><\/td><td data-date=\"2026-04-10\" class=\"prev-date\"><span class=\"date\"><span class=\"number\">10<\/span><\/span><\/td><td data-date=\"2026-04-11\" class=\"prev-date\"><span class=\"date\"><span class=\"number\">11<\/span><\/span><\/td><td data-date=\"2026-04-12\" class=\"prev-date\"><span class=\"date\"><span class=\"number\">12<\/span><\/span><\/td><\/tr><tr class=\"week\"><td data-date=\"2026-04-13\" class=\"prev-date\"><span class=\"date\"><span class=\"number\">13<\/span><\/span><\/td><td data-date=\"2026-04-14\" class=\"prev-date\"><span class=\"date\"><span class=\"number\">14<\/span><\/span><\/td><td data-date=\"2026-04-15\" class=\"prev-date\"><span class=\"date\"><span class=\"number\">15<\/span><\/span><\/td><td data-date=\"2026-04-16\" class=\"prev-date\"><span class=\"date\"><span class=\"number\">16<\/span><\/span><\/td><td data-date=\"2026-04-17\" class=\"prev-date\"><span class=\"date\"><span class=\"number\">17<\/span><\/span><\/td><td data-date=\"2026-04-18\" class=\"prev-date\"><span class=\"date\"><span class=\"number\">18<\/span><\/span><\/td><td data-date=\"2026-04-19\" class=\"prev-date\"><span class=\"date\"><span class=\"number\">19<\/span><\/span><\/td><\/tr><tr class=\"week\"><td data-date=\"2026-04-20\" class=\"prev-date\"><span class=\"date\"><span class=\"number\">20<\/span><\/span><\/td><td data-date=\"2026-04-21\" class=\"today\"><span class=\"date tooltipster\" title=\"6 Available\"><span class=\"number\">21<\/span><\/span><\/td><td data-date=\"2026-04-22\" class=\"\"><span class=\"date tooltipster\" title=\"6 Available\"><span class=\"number\">22<\/span><\/span><\/td><td data-date=\"2026-04-23\" class=\"\"><span class=\"date tooltipster\" title=\"7 Available\"><span class=\"number\">23<\/span><\/span><\/td><td data-date=\"2026-04-24\" class=\"\"><span class=\"date tooltipster\" title=\"20 Available\"><span class=\"number\">24<\/span><\/span><\/td><td data-date=\"2026-04-25\" class=\"\"><span class=\"date tooltipster\" title=\"6 Available\"><span class=\"number\">25<\/span><\/span><\/td><td data-date=\"2026-04-26\" class=\"\"><span class=\"date tooltipster\" title=\"3 Available\"><span class=\"number\">26<\/span><\/span><\/td><\/tr><tr class=\"week\"><td data-date=\"2026-04-27\" class=\"\"><span class=\"date tooltipster\" title=\"8 Available\"><span class=\"number\">27<\/span><\/span><\/td><td data-date=\"2026-04-28\" class=\"\"><span class=\"date tooltipster\" title=\"9 Available\"><span class=\"number\">28<\/span><\/span><\/td><td data-date=\"2026-04-29\" class=\"\"><span class=\"date tooltipster\" title=\"6 Available\"><span class=\"number\">29<\/span><\/span><\/td><td data-date=\"2026-04-30\" class=\"\"><span class=\"date tooltipster\" title=\"7 Available\"><span class=\"number\">30<\/span><\/span><\/td><td data-date=\"2026-05-1\" class=\"next-month\"><span class=\"date tooltipster\" title=\"20 Available\"><span class=\"number\">1<\/span><\/span><\/td><td data-date=\"2026-05-2\" class=\"next-month\"><span class=\"date tooltipster\" title=\"6 Available\"><span class=\"number\">2<\/span><\/span><\/td><td data-date=\"2026-05-3\" class=\"next-month\"><span class=\"date tooltipster\" title=\"3 Available\"><span class=\"number\">3<\/span><\/span><\/td><\/tr>\t\t<\/tbody>\n\t<\/table><\/div><\/div>\t\t<\/div>\n\t\t\t\t<\/div>\n\t\t\t\t\t\t<\/div>\n\t\t\t\t\t<\/div>\n\t\t<\/div>\n\t\t\t\t\t\t\t\t<\/div>\n\t\t\t\t\t<\/div>\n\t\t<\/section>\n\t\t\t\t<section class=\"elementor-section elementor-top-section elementor-element elementor-element-d4fba4c elementor-section-boxed elementor-section-height-default elementor-section-height-default\" data-id=\"d4fba4c\" data-element_type=\"section\">\n\t\t\t\t\t\t<div class=\"elementor-container elementor-column-gap-extended\">\n\t\t\t\t\t\t\t<div class=\"elementor-row\">\n\t\t\t\t\t<div class=\"elementor-column elementor-col-100 elementor-top-column elementor-element elementor-element-74cf5c8 sc_inner_width_none sc_layouts_column_icons_position_left\" data-id=\"74cf5c8\" data-element_type=\"column\">\n\t\t\t<div class=\"elementor-column-wrap elementor-element-populated\">\n\t\t\t\t\t\t\t<div class=\"elementor-widget-wrap\">\n\t\t\t\t\t\t<div class=\"elementor-element elementor-element-46ff584 elementor-widget elementor-widget-spacer\" data-id=\"46ff584\" data-element_type=\"widget\" data-widget_type=\"spacer.default\">\n\t\t\t\t<div class=\"elementor-widget-container\">\n\t\t\t\t\t<div class=\"elementor-spacer\">\n\t\t\t<div class=\"elementor-spacer-inner\"><\/div>\n\t\t<\/div>\n\t\t\t\t<\/div>\n\t\t\t\t<\/div>\n\t\t\t\t\t\t<\/div>\n\t\t\t\t\t<\/div>\n\t\t<\/div>\n\t\t\t\t\t\t\t\t<\/div>\n\t\t\t\t\t<\/div>\n\t\t<\/section>\n\t\t\t\t<section class=\"elementor-section elementor-top-section elementor-element elementor-element-607b266f scheme_dark elementor-section-boxed elementor-section-height-default elementor-section-height-default\" data-id=\"607b266f\" data-element_type=\"section\" data-settings=\"{&quot;background_background&quot;:&quot;classic&quot;}\">\n\t\t\t\t\t\t\t<div class=\"elementor-background-overlay\"><\/div>\n\t\t\t\t\t\t\t<div class=\"elementor-container elementor-column-gap-no\">\n\t\t\t\t\t\t\t<div class=\"elementor-row\">\n\t\t\t\t\t<div class=\"elementor-column elementor-col-100 elementor-top-column elementor-element elementor-element-39f3c3d8 sc_inner_width_none sc_layouts_column_icons_position_left\" data-id=\"39f3c3d8\" data-element_type=\"column\">\n\t\t\t<div class=\"elementor-column-wrap elementor-element-populated\">\n\t\t\t\t\t\t\t<div class=\"elementor-widget-wrap\">\n\t\t\t\t\t\t<section class=\"elementor-section elementor-inner-section elementor-element elementor-element-02b79a9 elementor-section-boxed elementor-section-height-default elementor-section-height-default\" data-id=\"02b79a9\" data-element_type=\"section\" data-settings=\"{&quot;background_background&quot;:&quot;classic&quot;}\">\n\t\t\t\t\t\t\t<div class=\"elementor-background-overlay\"><\/div>\n\t\t\t\t\t\t\t<div class=\"elementor-container elementor-column-gap-extended\">\n\t\t\t\t\t\t\t<div class=\"elementor-row\">\n\t\t\t\t\t<div class=\"elementor-column elementor-col-50 elementor-inner-column elementor-element elementor-element-77b2e91 sc_inner_width_none sc_layouts_column_icons_position_left\" data-id=\"77b2e91\" data-element_type=\"column\">\n\t\t\t<div class=\"elementor-column-wrap\">\n\t\t\t\t\t\t\t<div class=\"elementor-widget-wrap\">\n\t\t\t\t\t\t\t\t<\/div>\n\t\t\t\t\t<\/div>\n\t\t<\/div>\n\t\t\t\t<div class=\"elementor-column elementor-col-50 elementor-inner-column elementor-element elementor-element-f0baa8f sc_inner_width_none sc_layouts_column_icons_position_left\" data-id=\"f0baa8f\" data-element_type=\"column\">\n\t\t\t<div class=\"elementor-column-wrap elementor-element-populated\">\n\t\t\t\t\t\t\t<div class=\"elementor-widget-wrap\">\n\t\t\t\t\t\t<div class=\"elementor-element elementor-element-31f6f27c elementor-widget elementor-widget-trx_sc_action\" data-id=\"31f6f27c\" data-element_type=\"widget\" data-widget_type=\"trx_sc_action.default\">\n\t\t\t\t<div class=\"elementor-widget-container\">\n\t\t\t<div  id=\"trx_sc_action_1197500731\"\tclass=\"sc_action sc_action_default\"><div class=\"sc_action_content sc_item_content\"><div class=\"sc_action_item sc_action_item_default sc_action_item_ml\">\r\n\t\t\t<h3 class=\"sc_action_item_title\"><span> We will find a job or an employee<\/span><\/h3><div class=\"sc_action_item_description\"><span>Contact us!<\/span><\/div><a href=\"https:\/\/feworkagency.com\/en\/contacts\/\" class=\"sc_action_item_link sc_button\">Contact<\/a><\/div><\/div><\/div><!-- \/.sc_action -->\t\t<\/div>\n\t\t\t\t<\/div>\n\t\t\t\t\t\t<\/div>\n\t\t\t\t\t<\/div>\n\t\t<\/div>\n\t\t\t\t\t\t\t\t<\/div>\n\t\t\t\t\t<\/div>\n\t\t<\/section>\n\t\t\t\t\t\t<\/div>\n\t\t\t\t\t<\/div>\n\t\t<\/div>\n\t\t\t\t\t\t\t\t<\/div>\n\t\t\t\t\t<\/div>\n\t\t<\/section>\n\t\t\t\t\t\t<\/div>\n\t\t\t\t\t\t<\/div>\n\t\t\t\t\t<\/div>\n\t\t","protected":false},"excerpt":{"rendered":"<p>marzec 2022 pon. wt. \u015br. czw. pt. sob. niedz. 28 1 2 3 4 5 6 7 8 9 10 11 12 13 14 15 16 17 18 19 20 21 22 23 24 25 26 27&hellip;<\/p>\n","protected":false},"author":1,"featured_media":0,"parent":0,"menu_order":0,"comment_status":"closed","ping_status":"closed","template":"","meta":{"footnotes":""},"yst_prominent_words":[],"class_list":["post-244","page","type-page","status-publish","hentry"],"_links":{"self":[{"href":"https:\/\/feworkagency.com\/en\/wp-json\/wp\/v2\/pages\/244","targetHints":{"allow":["GET"]}}],"collection":[{"href":"https:\/\/feworkagency.com\/en\/wp-json\/wp\/v2\/pages"}],"about":[{"href":"https:\/\/feworkagency.com\/en\/wp-json\/wp\/v2\/types\/page"}],"author":[{"embeddable":true,"href":"https:\/\/feworkagency.com\/en\/wp-json\/wp\/v2\/users\/1"}],"replies":[{"embeddable":true,"href":"https:\/\/feworkagency.com\/en\/wp-json\/wp\/v2\/comments?post=244"}],"version-history":[{"count":8,"href":"https:\/\/feworkagency.com\/en\/wp-json\/wp\/v2\/pages\/244\/revisions"}],"predecessor-version":[{"id":2465,"href":"https:\/\/feworkagency.com\/en\/wp-json\/wp\/v2\/pages\/244\/revisions\/2465"}],"wp:attachment":[{"href":"https:\/\/feworkagency.com\/en\/wp-json\/wp\/v2\/media?parent=244"}],"wp:term":[{"taxonomy":"yst_prominent_words","embeddable":true,"href":"https:\/\/feworkagency.com\/en\/wp-json\/wp\/v2\/yst_prominent_words?post=244"}],"curies":[{"name":"wp","href":"https:\/\/api.w.org\/{rel}","templated":true}]}}